{"id":2,"date":"2008-02-16T14:44:42","date_gmt":"2008-02-16T13:44:42","guid":{"rendered":""},"modified":"2013-10-27T23:49:41","modified_gmt":"2013-10-27T22:49:41","slug":"kontakt","status":"publish","type":"page","link":"https:\/\/edublog.emotionalspirit.de\/index.php\/kontakt\/","title":{"rendered":"Kontakt und Urheberschutz"},"content":{"rendered":"<p>Christine Janischek<br \/>\ncjanischek(at)gmx.de<\/p>\n<p align=\"justify\">Zur sicheren Kommunikation nutzen Sie ggf. meinen \u00f6ffentlichen Schl\u00fcssel:<\/p>\n<ol>\n<li>&gt;&gt; Laden Sie dazu folgende Datei herunter: <a href=\"http:\/\/www.emotionalspirit.de\/speaker2_3_3\/wp-content\/uploads\/cjanischek-janischek.asc\">cjanischek-janischek.asc<\/a><a title=\"\u00d6ffentlicher Schl\u00fcssel von Christine Janischek\" href=\"http:\/\/www.emotionalspirit.de\/speaker2_3_3\/wp-content\/uploads\/christine-janischek.asc\" target=\"_blank\"><br \/>\n<\/a><\/li>\n<li>&gt;&gt; Importieren Sie die heruntergeladene Datei in Ihre Schl\u00fcsselverwaltung  (z.B. Gpg4Win)<\/li>\n<li>&gt;&gt; Schicken Sie mir eine unverschl\u00fcsselte E-Mail und \u00fcbermitteln Sie mir dabei Ihren \u00f6ffentlichen Schl\u00fcssel bzw. teilen Sie mir mit wo ich Ihren \u00f6ffentlichen Schl\u00fcssel finden kann.<\/li>\n<\/ol>\n<p>Bemerkung: Eine sichere Kommunikation ist erst m\u00f6glich wenn Sie meinen und Ich Ihren \u00f6ffentlichen Schl\u00fcssel  kenne!<\/p>\n<p align=\"justify\">Bitte beachten Sie den <a href=\"http:\/\/www.disclaimer.de\/disclaimer.htm\">Haftungsausschluss<\/a>, der inhaltlich als Teil dieser Seite anzusehen ist.<\/p>\n<p align=\"justify\">Einer kommerziellen Nutzung (unaufgeforderte Werbung etc.) der oben genannten E-Mail-Adresse, die ausschlie\u00dflich f\u00fcr dieses Impressum angelegt wurde, widerspreche ich.<\/p>\n<p align=\"justify\"><a title=\"Creativ Commons: by-nc-sa\" href=\"http:\/\/creativecommons.org\/licenses\/by-nc-sa\/3.0\/deed.de\" target=\"_blank\"><img decoding=\"async\" alt=\"Creativ Commons: by-nc-sa\" src=\"http:\/\/www.emotionalspirit.de\/speaker2_3_3\/wp-content\/uploads\/by-nc-saeu.thumbnail.png\" align=\"absbottom\" border=\"1\" hspace=\"5\" vspace=\"5\" \/><\/a>F\u00fcr alle Inhalte gilt nat\u00fcrlich das Urheberrecht. Ich selber achte auch darauf. Verwenden darf man meine Sachen gerne: F\u00fcr Details zur Creative-Commons-Lizenz f\u00fcr die von mir selbst verfassten Texte und Downloads (z.~B. Unterrichtsentw\u00fcrfe, Hausarbeiten) klicken Sie oben links auf das CC-BY-NC-SA-Logo. Ansonsten: Auf Anfrage wird vermutlich so ziemlich alles erlaubt.<\/p>\n<p>Die Verwendung der Riffly-Audio- und Video-Komentarfunktionen in den Beitr\u00e4gen erfolgt nach eigenem Ermessen. Bitte informieren Sie sich zuvor, indem Sie die AGBs des Anbieters studieren. <a title=\"Terms of Service\" href=\"http:\/\/riffly.com\/tos\" target=\"_blank\">&gt;&gt; Zu den Riffly-AGBs<\/a>.<\/p>\n","protected":false},"excerpt":{"rendered":"<p>Christine Janischek cjanischek(at)gmx.de Zur sicheren Kommunikation nutzen Sie ggf. meinen \u00f6ffentlichen Schl\u00fcssel: &gt;&gt; Laden Sie dazu folgende Datei herunter: cjanischek-janischek.asc &gt;&gt; Importieren Sie die heruntergeladene Datei in Ihre Schl\u00fcsselverwaltung (z.B. Gpg4Win) &gt;&gt; Schicken Sie mir eine unverschl\u00fcsselte E-Mail und \u00fcbermitteln Sie mir dabei Ihren \u00f6ffentlichen Schl\u00fcssel bzw. teilen Sie mir mit wo ich Ihren \u00f6ffentlichen &hellip; <\/p>\n<p class=\"link-more\"><a href=\"https:\/\/edublog.emotionalspirit.de\/index.php\/kontakt\/\" class=\"more-link\"><span class=\"screen-reader-text\">\u201eKontakt und Urheberschutz\u201c<\/span> weiterlesen<\/a><\/p>\n","protected":false},"author":1,"featured_media":0,"parent":0,"menu_order":0,"comment_status":"open","ping_status":"open","template":"","meta":{"footnotes":""},"class_list":["post-2","page","type-page","status-publish","hentry"],"_links":{"self":[{"href":"https:\/\/edublog.emotionalspirit.de\/index.php\/wp-json\/wp\/v2\/pages\/2","targetHints":{"allow":["GET"]}}],"collection":[{"href":"https:\/\/edublog.emotionalspirit.de\/index.php\/wp-json\/wp\/v2\/pages"}],"about":[{"href":"https:\/\/edublog.emotionalspirit.de\/index.php\/wp-json\/wp\/v2\/types\/page"}],"author":[{"embeddable":true,"href":"https:\/\/edublog.emotionalspirit.de\/index.php\/wp-json\/wp\/v2\/users\/1"}],"replies":[{"embeddable":true,"href":"https:\/\/edublog.emotionalspirit.de\/index.php\/wp-json\/wp\/v2\/comments?post=2"}],"version-history":[{"count":3,"href":"https:\/\/edublog.emotionalspirit.de\/index.php\/wp-json\/wp\/v2\/pages\/2\/revisions"}],"predecessor-version":[{"id":199,"href":"https:\/\/edublog.emotionalspirit.de\/index.php\/wp-json\/wp\/v2\/pages\/2\/revisions\/199"}],"wp:attachment":[{"href":"https:\/\/edublog.emotionalspirit.de\/index.php\/wp-json\/wp\/v2\/media?parent=2"}],"curies":[{"name":"wp","href":"https:\/\/api.w.org\/{rel}","templated":true}]}}